{"id":231,"date":"2024-01-09T13:34:24","date_gmt":"2024-01-09T13:34:24","guid":{"rendered":"https:\/\/tecnodat.com.br\/?page_id=231"},"modified":"2024-09-09T22:07:51","modified_gmt":"2024-09-10T03:07:51","slug":"informacoes-de-contato","status":"publish","type":"page","link":"https:\/\/tecnodat.com.br\/index.php\/informacoes-de-contato\/","title":{"rendered":"Informa\u00e7\u00f5es Cadastrais"},"content":{"rendered":"\n<p class=\"has-small-font-size\">Raz\u00e3o Social: ALEXANDRE L. DE ANDRADE<\/p>\n\n\n\n<p class=\"has-small-font-size\">Nome Fantasia: TECNODATA COM. REP. E SERVI\u00c7OS<\/p>\n\n\n\n<p class=\"has-small-font-size\">Endere\u00e7o: RUA BENEDITO MAIA, 371 \u2013 CONJUNTO PROCON \/ RIO BRANCO \u2013 AC \u2013 CEP \u2013 69915-658<\/p>\n\n\n\n<p class=\"has-small-font-size\">E-mail : <a href=\"mailto:tecnodatainf@uol.com.br\">tecnodat@<\/a><a href=\"mailto:tecnodatainf@uol.com.br\">tecnodat.c<\/a><a href=\"mailto:tecnodatainf@uol.com.br\">om.br<\/a><\/p>\n\n\n\n<p class=\"has-small-font-size\">Site: http:\/\/www.tecnodat.com.br<\/p>\n\n\n\n<p class=\"has-small-font-size\">Tel\/fax: (0xx68) 3228.2080<\/p>\n\n\n\n<p class=\"has-small-font-size\">Celular: (0xx68) 98403-2625 \u2013 Alexandre \/ 0xx68 98043-2610 \u2013 Marcia<\/p>\n\n\n\n<p class=\"has-small-font-size\">C.N.P.J: 00.262.047\/0001-23<\/p>\n\n\n\n<p class=\"has-small-font-size\">Insc. Estadual : 01.001.659\/001-28<\/p>\n\n\n\n<p class=\"has-small-font-size\">Insc. Municipal : 111.183 &#8211; 3<\/p>\n\n\n\n<p class=\"has-small-font-size\">Suframa: 200413155<\/p>\n\n\n\n<p><\/p>\n","protected":false},"excerpt":{"rendered":"<p>Raz\u00e3o Social: ALEXANDRE L. DE ANDRADE Nome Fantasia: TECNODATA COM. REP. E SERVI\u00c7OS Endere\u00e7o: RUA BENEDITO MAIA, 371 \u2013 CONJUNTO&hellip;<\/p>\n","protected":false},"author":1,"featured_media":0,"parent":0,"menu_order":0,"comment_status":"closed","ping_status":"closed","template":"","meta":{"om_disable_all_campaigns":false,"_monsterinsights_skip_tracking":false,"_monsterinsights_sitenote_active":false,"_monsterinsights_sitenote_note":"","_monsterinsights_sitenote_category":0,"footnotes":""},"class_list":["post-231","page","type-page","status-publish","hentry"],"aioseo_notices":[],"_links":{"self":[{"href":"https:\/\/tecnodat.com.br\/index.php\/wp-json\/wp\/v2\/pages\/231","targetHints":{"allow":["GET"]}}],"collection":[{"href":"https:\/\/tecnodat.com.br\/index.php\/wp-json\/wp\/v2\/pages"}],"about":[{"href":"https:\/\/tecnodat.com.br\/index.php\/wp-json\/wp\/v2\/types\/page"}],"author":[{"embeddable":true,"href":"https:\/\/tecnodat.com.br\/index.php\/wp-json\/wp\/v2\/users\/1"}],"replies":[{"embeddable":true,"href":"https:\/\/tecnodat.com.br\/index.php\/wp-json\/wp\/v2\/comments?post=231"}],"version-history":[{"count":4,"href":"https:\/\/tecnodat.com.br\/index.php\/wp-json\/wp\/v2\/pages\/231\/revisions"}],"predecessor-version":[{"id":271,"href":"https:\/\/tecnodat.com.br\/index.php\/wp-json\/wp\/v2\/pages\/231\/revisions\/271"}],"wp:attachment":[{"href":"https:\/\/tecnodat.com.br\/index.php\/wp-json\/wp\/v2\/media?parent=231"}],"curies":[{"name":"wp","href":"https:\/\/api.w.org\/{rel}","templated":true}]}}