{"id":12,"date":"2022-08-18T02:18:12","date_gmt":"2022-08-18T02:18:12","guid":{"rendered":"https:\/\/tecnodat.com.br\/?page_id=12"},"modified":"2023-12-28T23:13:45","modified_gmt":"2023-12-28T23:13:45","slug":"about","status":"publish","type":"page","link":"https:\/\/tecnodat.com.br\/index.php\/about\/","title":{"rendered":"Sobre"},"content":{"rendered":"\n<p>A Tecnodata \u00e9 uma empresa que oferece solu\u00e7\u00f5es em Automa\u00e7\u00e3o Comercial desde 1994, quando foi fundada em Rio Branco\/AC. Foi pioneira na informatiza\u00e7\u00e3o de um supermercado com c\u00f3digo de barras e impressoras fiscais no estado, e tamb\u00e9m desenvolveu o primeiro projeto de digita\u00e7\u00e3o de Notas Fiscais para cobran\u00e7a de ICMS antecipado na Extrema, utilizando sistema UNIX.<\/p>\n\n\n\n<p>Atualmente, a empresa concentra-se na terceiriza\u00e7\u00e3o de servi\u00e7os de assist\u00eancia t\u00e9cnica em equipamentos e perif\u00e9ricos, comunica\u00e7\u00e3o de dados e rede de microcomputadores, Intranet e Internet.<\/p>\n\n\n\n<p>Para proporcionar uma solu\u00e7\u00e3o completa aos seus clientes, a Tecnodata conta com importantes parceiros, como Schneider-Eletric, Agasus, Voke, Tecnocomp, Easytech, Diebold-Nixdorf, Okidata, entre outros.<\/p>\n\n\n\n<p>A empresa abrange desde a infraestrutura el\u00e9trica e l\u00f3gica at\u00e9 solu\u00e7\u00f5es de comunica\u00e7\u00e3o, softwares aplicativos e treinamento.<\/p>\n\n\n\n<p>Al\u00e9m disso, atua na manuten\u00e7\u00e3o de equipamentos m\u00e9dicos desde 2007, realizando a manuten\u00e7\u00e3o em m\u00e1quinas de hemodi\u00e1lise na unidade de Nefrologia de Rio Branco\/AC. Em 2008, iniciou atividades de manuten\u00e7\u00e3o em aparelhos de imagem &#8211; Raio X.<\/p>\n","protected":false},"excerpt":{"rendered":"<p>A Tecnodata \u00e9 uma empresa que oferece solu\u00e7\u00f5es em Automa\u00e7\u00e3o Comercial desde 1994, quando foi fundada em Rio Branco\/AC. Foi&hellip;<\/p>\n","protected":false},"author":1,"featured_media":0,"parent":0,"menu_order":0,"comment_status":"closed","ping_status":"closed","template":"","meta":{"om_disable_all_campaigns":false,"_monsterinsights_skip_tracking":false,"_monsterinsights_sitenote_active":false,"_monsterinsights_sitenote_note":"","_monsterinsights_sitenote_category":0,"footnotes":""},"class_list":["post-12","page","type-page","status-publish","hentry"],"aioseo_notices":[],"_links":{"self":[{"href":"https:\/\/tecnodat.com.br\/index.php\/wp-json\/wp\/v2\/pages\/12","targetHints":{"allow":["GET"]}}],"collection":[{"href":"https:\/\/tecnodat.com.br\/index.php\/wp-json\/wp\/v2\/pages"}],"about":[{"href":"https:\/\/tecnodat.com.br\/index.php\/wp-json\/wp\/v2\/types\/page"}],"author":[{"embeddable":true,"href":"https:\/\/tecnodat.com.br\/index.php\/wp-json\/wp\/v2\/users\/1"}],"replies":[{"embeddable":true,"href":"https:\/\/tecnodat.com.br\/index.php\/wp-json\/wp\/v2\/comments?post=12"}],"version-history":[{"count":6,"href":"https:\/\/tecnodat.com.br\/index.php\/wp-json\/wp\/v2\/pages\/12\/revisions"}],"predecessor-version":[{"id":218,"href":"https:\/\/tecnodat.com.br\/index.php\/wp-json\/wp\/v2\/pages\/12\/revisions\/218"}],"wp:attachment":[{"href":"https:\/\/tecnodat.com.br\/index.php\/wp-json\/wp\/v2\/media?parent=12"}],"curies":[{"name":"wp","href":"https:\/\/api.w.org\/{rel}","templated":true}]}}