{"id":11,"date":"2022-08-18T02:18:12","date_gmt":"2022-08-18T02:18:12","guid":{"rendered":"https:\/\/tecnodat.com.br\/?page_id=11"},"modified":"2024-11-02T12:49:24","modified_gmt":"2024-11-02T17:49:24","slug":"the-new-umoma-opens-its-doors-2","status":"publish","type":"page","link":"https:\/\/tecnodat.com.br\/index.php\/the-new-umoma-opens-its-doors-2\/","title":{"rendered":"Servi\u00e7os e Produtos"},"content":{"rendered":"\n<div class=\"wp-block-columns alignwide is-layout-flex wp-container-core-columns-is-layout-1 wp-block-columns-is-layout-flex\">\n<div class=\"wp-block-column is-layout-flow wp-block-column-is-layout-flow\">\n<div class=\"wp-block-group\"><div class=\"wp-block-group__inner-container is-layout-flow wp-block-group-is-layout-flow\">\n<p><\/p>\n\n\n\n<h1 class=\"wp-block-heading\">Nobreak\u00b4s de Pequeno , M\u00e9dio e Grande Porte de 600va a 250kva <\/h1>\n\n\n\n<p>Venda, Instala\u00e7\u00e3o, Manuten\u00e7\u00e3o Preventiva e Manuten\u00e7\u00e3o Corretiva de equipamentos Monif\u00e1sicos , Trif\u00e1sicos e Modulares<\/p>\n\n\n\n<p>Paralelo Ativo <\/p>\n\n\n\n<p><\/p>\n\n\n\n<p><strong>Prote\u00e7\u00e3o Anti-Virus, Anti-Malware e Anti-Ransomware<\/strong><\/p>\n\n\n\n<p>24 x 7 &#8211; conte com a Gente&#8230;<\/p>\n\n\n\n<p>Dispomos de diversas modalidades de atendimento a chamados avulsos, terceriza\u00e7\u00e3o de servi\u00e7os , contratos de manuten\u00e7\u00e3o dentre outras solu\u00e7\u00f5es<\/p>\n<\/div><\/div>\n\n\n\n<p><\/p>\n<\/div>\n<\/div>\n\n\n\n<div class=\"wp-block-group alignwide\"><div class=\"wp-block-group__inner-container is-layout-flow wp-block-group-is-layout-flow\">\n<div class=\"wp-block-group\"><div class=\"wp-block-group__inner-container is-layout-constrained wp-block-group-is-layout-constrained\">\n<div class=\"wp-block-group alignfull is-vertical is-content-justification-center is-layout-flex wp-container-core-group-is-layout-2 wp-block-group-is-layout-flex\">\n<p><\/p>\n\n\n\n<h2 class=\"wp-block-heading has-text-align-center\">Solu\u00e7\u00f5es , Produtos e Servi\u00e7os<\/h2>\n\n\n\n<h2 class=\"wp-block-heading has-text-align-center\">Antiv\u00edrus e Seguran\u00e7a <\/h2>\n\n\n\n<h2 class=\"wp-block-heading has-text-align-center\">Automa\u00e7\u00e3o Comercial e Banc\u00e1ria <\/h2>\n\n\n\n<h2 class=\"wp-block-heading has-text-align-center\">M\u00e9dico-Hospitalares <\/h2>\n\n\n\n<h2 class=\"wp-block-heading has-text-align-center\">Nobreaks e Estabilizadores<\/h2>\n\n\n\n<h2 class=\"wp-block-heading has-text-align-center\">Infraestrutura El\u00e9trica e L\u00f3gica<\/h2>\n<\/div>\n<\/div><\/div>\n\n\n\n<p><\/p>\n<\/div><\/div>\n\n\n\n<div class=\"wp-block-group alignwide\"><div class=\"wp-block-group__inner-container is-layout-flow wp-block-group-is-layout-flow\">\n<h1 class=\"wp-block-heading has-text-align-center\">Compromisso no atendimento e Pontualidade<\/h1>\n\n\n\n<div class=\"wp-block-group\"><div class=\"wp-block-group__inner-container is-layout-constrained wp-block-group-is-layout-constrained\"><div class=\"wp-block-image is-style-default\">\n<figure class=\"alignleft size-large is-resized\"><img loading=\"lazy\" decoding=\"async\" width=\"1024\" height=\"768\" src=\"https:\/\/tecnodat.com.br\/wp-content\/uploads\/2022\/08\/cropped-Aplicacao-do-Logotipo-01-1024x768.jpg\" alt=\"\" class=\"wp-image-19\" style=\"width:160px;height:auto\" srcset=\"https:\/\/tecnodat.com.br\/wp-content\/uploads\/2022\/08\/cropped-Aplicacao-do-Logotipo-01-1024x768.jpg 1024w, https:\/\/tecnodat.com.br\/wp-content\/uploads\/2022\/08\/cropped-Aplicacao-do-Logotipo-01-300x225.jpg 300w, https:\/\/tecnodat.com.br\/wp-content\/uploads\/2022\/08\/cropped-Aplicacao-do-Logotipo-01-768x576.jpg 768w, https:\/\/tecnodat.com.br\/wp-content\/uploads\/2022\/08\/cropped-Aplicacao-do-Logotipo-01.jpg 1039w\" sizes=\"auto, (max-width: 1024px) 100vw, 1024px\" \/><\/figure><\/div>\n\n<div class=\"wp-block-image is-style-rounded\">\n<figure class=\"alignright size-full\"><img loading=\"lazy\" decoding=\"async\" width=\"175\" height=\"118\" src=\"https:\/\/tecnodat.com.br\/wp-content\/uploads\/2022\/08\/photo.jpg\" alt=\"\" class=\"wp-image-52\" style=\"aspect-ratio:1.4817518248175183\"\/><\/figure><\/div><\/div><\/div>\n<\/div><\/div>\n","protected":false},"excerpt":{"rendered":"<p>Nobreak\u00b4s de Pequeno , M\u00e9dio e Grande Porte de 600va a 250kva Venda, Instala\u00e7\u00e3o, Manuten\u00e7\u00e3o Preventiva e Manuten\u00e7\u00e3o Corretiva de&hellip;<\/p>\n","protected":false},"author":1,"featured_media":0,"parent":0,"menu_order":0,"comment_status":"closed","ping_status":"closed","template":"","meta":{"om_disable_all_campaigns":false,"_monsterinsights_skip_tracking":false,"_monsterinsights_sitenote_active":false,"_monsterinsights_sitenote_note":"","_monsterinsights_sitenote_category":0,"footnotes":""},"class_list":["post-11","page","type-page","status-publish","hentry"],"aioseo_notices":[],"_links":{"self":[{"href":"https:\/\/tecnodat.com.br\/index.php\/wp-json\/wp\/v2\/pages\/11","targetHints":{"allow":["GET"]}}],"collection":[{"href":"https:\/\/tecnodat.com.br\/index.php\/wp-json\/wp\/v2\/pages"}],"about":[{"href":"https:\/\/tecnodat.com.br\/index.php\/wp-json\/wp\/v2\/types\/page"}],"author":[{"embeddable":true,"href":"https:\/\/tecnodat.com.br\/index.php\/wp-json\/wp\/v2\/users\/1"}],"replies":[{"embeddable":true,"href":"https:\/\/tecnodat.com.br\/index.php\/wp-json\/wp\/v2\/comments?post=11"}],"version-history":[{"count":37,"href":"https:\/\/tecnodat.com.br\/index.php\/wp-json\/wp\/v2\/pages\/11\/revisions"}],"predecessor-version":[{"id":294,"href":"https:\/\/tecnodat.com.br\/index.php\/wp-json\/wp\/v2\/pages\/11\/revisions\/294"}],"wp:attachment":[{"href":"https:\/\/tecnodat.com.br\/index.php\/wp-json\/wp\/v2\/media?parent=11"}],"curies":[{"name":"wp","href":"https:\/\/api.w.org\/{rel}","templated":true}]}}