{"id":109,"date":"2023-11-06T03:56:46","date_gmt":"2023-11-06T03:56:46","guid":{"rendered":"https:\/\/tecnodat.com.br\/index.php\/colibri-wp\/"},"modified":"2025-10-15T14:38:49","modified_gmt":"2025-10-15T19:38:49","slug":"colibri-wp","status":"publish","type":"page","link":"https:\/\/tecnodat.com.br\/","title":{"rendered":""},"content":{"rendered":"\n<p>Raz\u00e3o Social: ALEXANDRE L. DE ANDRADE<\/p>\n\n\n\n<p>Nome Fantasia: TECNODATA COM. REP. E SERVI\u00c7OS<\/p>\n\n\n\n<p>Endere\u00e7o: RUA BENEDITO MAIA, 371 \u2013 CONJUNTO PROCON \/ RIO BRANCO \u2013 AC \u2013 CEP \u2013 69918-658<\/p>\n\n\n\n<p>E-mail : <a href=\"mailto:tecnodatainf@uol.com.br\">tecnodat@<\/a><a href=\"mailto:tecnodatainf@uol.com.br\">tecnodat.c<\/a><a href=\"mailto:tecnodatainf@uol.com.br\">om.br<\/a><\/p>\n\n\n\n<p>Site: http:\/\/www.tecnodat.com.br<\/p>\n\n\n\n<p>Telefone: (68) 3228.2080<\/p>\n\n\n\n<p>C.N.P.J: 00.262.047\/0001-23<\/p>\n\n\n\n<p>Celular: (68) 98403-2625 \u2013 Alexandre <\/p>\n\n\n\n<p>Insc. Estadual : 01.001.659\/001-28<\/p>\n\n\n\n<p>Insc. Municipal : 111.183 &#8211; 3<\/p>\n\n\n\n<figure class=\"wp-block-video\"><video controls src=\"https:\/\/tecnodat.com.br\/wp-content\/uploads\/2025\/10\/Video_Animado_de_Logotipo_Gerado-1.mp4\"><\/video><\/figure>\n\n\n\n<p>Suframa: 200413155<\/p>\n\n\n\n<figure class=\"wp-block-embed is-type-video is-provider-youtube wp-block-embed-youtube wp-embed-aspect-16-9 wp-has-aspect-ratio\"><div class=\"wp-block-embed__wrapper\">\n<iframe loading=\"lazy\" title=\"Tecnodata 30 anos\" width=\"540\" height=\"960\" src=\"https:\/\/www.youtube.com\/embed\/MwYETdhl4Y4?feature=oembed\" frameborder=\"0\" allow=\"accelerometer; autoplay; clipboard-write; encrypted-media; gyroscope; picture-in-picture; web-share\" referrerpolicy=\"strict-origin-when-cross-origin\" allowfullscreen><\/iframe>\n<\/div><\/figure>\n","protected":false},"excerpt":{"rendered":"<p>Raz\u00e3o Social: ALEXANDRE L. DE ANDRADE Nome Fantasia: TECNODATA COM. REP. E SERVI\u00c7OS Endere\u00e7o: RUA BENEDITO MAIA, 371 \u2013 CONJUNTO&hellip;<\/p>\n","protected":false},"author":1,"featured_media":0,"parent":0,"menu_order":0,"comment_status":"closed","ping_status":"closed","template":"","meta":{"om_disable_all_campaigns":false,"_monsterinsights_skip_tracking":false,"_monsterinsights_sitenote_active":false,"_monsterinsights_sitenote_note":"","_monsterinsights_sitenote_category":0,"footnotes":""},"class_list":["post-109","page","type-page","status-publish","hentry"],"aioseo_notices":[],"_links":{"self":[{"href":"https:\/\/tecnodat.com.br\/index.php\/wp-json\/wp\/v2\/pages\/109","targetHints":{"allow":["GET"]}}],"collection":[{"href":"https:\/\/tecnodat.com.br\/index.php\/wp-json\/wp\/v2\/pages"}],"about":[{"href":"https:\/\/tecnodat.com.br\/index.php\/wp-json\/wp\/v2\/types\/page"}],"author":[{"embeddable":true,"href":"https:\/\/tecnodat.com.br\/index.php\/wp-json\/wp\/v2\/users\/1"}],"replies":[{"embeddable":true,"href":"https:\/\/tecnodat.com.br\/index.php\/wp-json\/wp\/v2\/comments?post=109"}],"version-history":[{"count":10,"href":"https:\/\/tecnodat.com.br\/index.php\/wp-json\/wp\/v2\/pages\/109\/revisions"}],"predecessor-version":[{"id":341,"href":"https:\/\/tecnodat.com.br\/index.php\/wp-json\/wp\/v2\/pages\/109\/revisions\/341"}],"wp:attachment":[{"href":"https:\/\/tecnodat.com.br\/index.php\/wp-json\/wp\/v2\/media?parent=109"}],"curies":[{"name":"wp","href":"https:\/\/api.w.org\/{rel}","templated":true}]}}